{"id":3066,"date":"2025-03-28T16:44:43","date_gmt":"2025-03-28T15:44:43","guid":{"rendered":"https:\/\/www.kaiserconstruct.be\/?page_id=3066"},"modified":"2025-03-28T16:50:37","modified_gmt":"2025-03-28T15:50:37","slug":"beauraing-classes-maternelles","status":"publish","type":"page","link":"https:\/\/www.kaiserconstruct.be\/index.php\/beauraing-classes-maternelles\/","title":{"rendered":"Beauraing &#8211; Classes maternelles"},"content":{"rendered":"\t\t<div data-elementor-type=\"wp-page\" data-elementor-id=\"3066\" class=\"elementor elementor-3066\" data-elementor-settings=\"[]\">\n\t\t\t\t\t\t\t<div class=\"elementor-section-wrap\">\n\t\t\t\t\t\t\t<section class=\"elementor-section elementor-top-section elementor-element elementor-element-29a321be elementor-section-height-min-height elementor-section-content-middle elementor-section-full_width elementor-section-stretched elementor-section-height-default elementor-section-items-middle\" data-id=\"29a321be\" data-element_type=\"section\" data-settings=\"{&quot;background_background&quot;:&quot;classic&quot;,&quot;stretch_section&quot;:&quot;section-stretched&quot;}\">\n\t\t\t\t\t\t\t<div class=\"elementor-background-overlay\"><\/div>\n\t\t\t\t\t\t\t<div class=\"elementor-container elementor-column-gap-no\">\n\t\t\t\t\t<div class=\"elementor-column elementor-col-100 elementor-top-column elementor-element elementor-element-732121e2\" data-id=\"732121e2\" data-element_type=\"column\">\n\t\t\t<div class=\"elementor-widget-wrap elementor-element-populated\">\n\t\t\t\t\t\t\t\t<div class=\"elementor-element elementor-element-7bb47e33 elementor-widget elementor-widget-heading\" data-id=\"7bb47e33\" data-element_type=\"widget\" data-widget_type=\"heading.default\">\n\t\t\t\t<div class=\"elementor-widget-container\">\n\t\t\t<h2 class=\"elementor-heading-title elementor-size-default\">Beauraing - Classes maternelles<\/h2>\t\t<\/div>\n\t\t\t\t<\/div>\n\t\t\t\t<div class=\"elementor-element elementor-element-1562afa8 elementor-widget elementor-widget-text-editor\" data-id=\"1562afa8\" data-element_type=\"widget\" data-widget_type=\"text-editor.default\">\n\t\t\t\t<div class=\"elementor-widget-container\">\n\t\t\t\t\t\t\t\t\t\t\t\t\t\t<\/div>\n\t\t\t\t<\/div>\n\t\t\t\t\t<\/div>\n\t\t<\/div>\n\t\t\t\t\t\t\t<\/div>\n\t\t<\/section>\n\t\t\t\t<section class=\"elementor-section elementor-top-section elementor-element elementor-element-51e22c8d elementor-section-boxed elementor-section-height-default elementor-section-height-default\" data-id=\"51e22c8d\" data-element_type=\"section\">\n\t\t\t\t\t\t<div class=\"elementor-container elementor-column-gap-default\">\n\t\t\t\t\t<div class=\"elementor-column elementor-col-100 elementor-top-column elementor-element elementor-element-762b10ba\" data-id=\"762b10ba\" data-element_type=\"column\" data-settings=\"{&quot;background_background&quot;:&quot;classic&quot;}\">\n\t\t\t<div class=\"elementor-widget-wrap elementor-element-populated\">\n\t\t\t\t\t\t\t\t<div class=\"elementor-element elementor-element-51c7f382 elementor--h-position-center elementor--v-position-middle elementor-arrows-position-inside elementor-pagination-position-inside elementor-widget elementor-widget-slides\" data-id=\"51c7f382\" data-element_type=\"widget\" data-settings=\"{&quot;navigation&quot;:&quot;both&quot;,&quot;autoplay&quot;:&quot;yes&quot;,&quot;pause_on_hover&quot;:&quot;yes&quot;,&quot;pause_on_interaction&quot;:&quot;yes&quot;,&quot;autoplay_speed&quot;:5000,&quot;infinite&quot;:&quot;yes&quot;,&quot;transition&quot;:&quot;slide&quot;,&quot;transition_speed&quot;:500}\" data-widget_type=\"slides.default\">\n\t\t\t\t<div class=\"elementor-widget-container\">\n\t\t\t\t\t<div class=\"elementor-swiper\">\n\t\t\t<div class=\"elementor-slides-wrapper elementor-main-swiper swiper-container\" dir=\"ltr\" data-animation=\"fadeInUp\">\n\t\t\t\t<div class=\"swiper-wrapper elementor-slides\">\n\t\t\t\t\t<div class=\"elementor-repeater-item-51b38d7 swiper-slide\"><div class=\"swiper-slide-bg\"><\/div><div class=\"swiper-slide-inner\" ><div class=\"swiper-slide-contents\"><\/div><\/div><\/div>\t\t\t\t<\/div>\n\t\t\t\t\t\t\t<\/div>\n\t\t<\/div>\n\t\t\t\t<\/div>\n\t\t\t\t<\/div>\n\t\t\t\t\t<\/div>\n\t\t<\/div>\n\t\t\t\t\t\t\t<\/div>\n\t\t<\/section>\n\t\t\t\t<section class=\"elementor-section elementor-top-section elementor-element elementor-element-713ddd07 elementor-section-boxed elementor-section-height-default elementor-section-height-default\" data-id=\"713ddd07\" data-element_type=\"section\">\n\t\t\t\t\t\t<div class=\"elementor-container elementor-column-gap-default\">\n\t\t\t\t\t<div class=\"elementor-column elementor-col-100 elementor-top-column elementor-element elementor-element-2ea8677b\" data-id=\"2ea8677b\" data-element_type=\"column\">\n\t\t\t<div class=\"elementor-widget-wrap elementor-element-populated\">\n\t\t\t\t\t\t\t\t<div class=\"elementor-element elementor-element-252dd625 elementor-widget elementor-widget-spacer\" data-id=\"252dd625\" data-element_type=\"widget\" data-widget_type=\"spacer.default\">\n\t\t\t\t<div class=\"elementor-widget-container\">\n\t\t\t\t\t<div class=\"elementor-spacer\">\n\t\t\t<div class=\"elementor-spacer-inner\"><\/div>\n\t\t<\/div>\n\t\t\t\t<\/div>\n\t\t\t\t<\/div>\n\t\t\t\t\t<\/div>\n\t\t<\/div>\n\t\t\t\t\t\t\t<\/div>\n\t\t<\/section>\n\t\t\t\t<section class=\"elementor-section elementor-top-section elementor-element elementor-element-548275f4 elementor-section-boxed elementor-section-height-default elementor-section-height-default\" data-id=\"548275f4\" data-element_type=\"section\">\n\t\t\t\t\t\t<div class=\"elementor-container elementor-column-gap-default\">\n\t\t\t\t\t<div class=\"elementor-column elementor-col-50 elementor-top-column elementor-element elementor-element-f0c379b\" data-id=\"f0c379b\" data-element_type=\"column\">\n\t\t\t<div class=\"elementor-widget-wrap elementor-element-populated\">\n\t\t\t\t\t\t\t\t<div class=\"elementor-element elementor-element-63daadd7 elementor-widget elementor-widget-text-editor\" data-id=\"63daadd7\" data-element_type=\"widget\" data-widget_type=\"text-editor.default\">\n\t\t\t\t<div class=\"elementor-widget-container\">\n\t\t\t\t\t\t\t\t<p>Construction de classes pour le maternel<\/p>\t\t\t\t\t\t<\/div>\n\t\t\t\t<\/div>\n\t\t\t\t\t<\/div>\n\t\t<\/div>\n\t\t\t\t<div class=\"elementor-column elementor-col-50 elementor-top-column elementor-element elementor-element-690ab554\" data-id=\"690ab554\" data-element_type=\"column\">\n\t\t\t<div class=\"elementor-widget-wrap elementor-element-populated\">\n\t\t\t\t\t\t\t\t<div class=\"elementor-element elementor-element-694723c8 elementor-widget elementor-widget-text-editor\" data-id=\"694723c8\" data-element_type=\"widget\" data-widget_type=\"text-editor.default\">\n\t\t\t\t<div class=\"elementor-widget-container\">\n\t\t\t\t\t\t\t\t<p><strong>Ma\u00eetre d&#8217;ouvrage :\u00a0<\/strong><\/p><p>Institut Notre-Dame de Beauraing<\/p>\t\t\t\t\t\t<\/div>\n\t\t\t\t<\/div>\n\t\t\t\t<div class=\"elementor-element elementor-element-6c0578b1 elementor-widget elementor-widget-text-editor\" data-id=\"6c0578b1\" data-element_type=\"widget\" data-widget_type=\"text-editor.default\">\n\t\t\t\t<div class=\"elementor-widget-container\">\n\t\t\t\t\t\t\t\t<p><strong>Montant :\u00a0<\/strong><\/p><p>835.000 \u20ac (HTVA)<\/p>\t\t\t\t\t\t<\/div>\n\t\t\t\t<\/div>\n\t\t\t\t<div class=\"elementor-element elementor-element-31086be9 elementor-widget elementor-widget-text-editor\" data-id=\"31086be9\" data-element_type=\"widget\" data-widget_type=\"text-editor.default\">\n\t\t\t\t<div class=\"elementor-widget-container\">\n\t\t\t\t\t\t\t\t<p><strong>Architecte :\u00a0<\/strong><\/p><p>NOV\u00e9 Architectes SRL<\/p>\t\t\t\t\t\t<\/div>\n\t\t\t\t<\/div>\n\t\t\t\t\t<\/div>\n\t\t<\/div>\n\t\t\t\t\t\t\t<\/div>\n\t\t<\/section>\n\t\t\t\t<section class=\"elementor-section elementor-top-section elementor-element elementor-element-25f6e2f3 elementor-hidden-phone elementor-section-boxed elementor-section-height-default elementor-section-height-default\" data-id=\"25f6e2f3\" data-element_type=\"section\">\n\t\t\t\t\t\t<div class=\"elementor-container elementor-column-gap-default\">\n\t\t\t\t\t<div class=\"elementor-column elementor-col-50 elementor-top-column elementor-element elementor-element-332cc6d2\" data-id=\"332cc6d2\" data-element_type=\"column\">\n\t\t\t<div class=\"elementor-widget-wrap elementor-element-populated\">\n\t\t\t\t\t\t\t\t<div class=\"elementor-element elementor-element-21321b8c elementor-align-center elementor-widget elementor-widget-button\" data-id=\"21321b8c\" data-element_type=\"widget\" data-widget_type=\"button.default\">\n\t\t\t\t<div class=\"elementor-widget-container\">\n\t\t\t\t\t<div class=\"elementor-button-wrapper\">\n\t\t\t<a href=\"https:\/\/www.kaiserconstruct.be\/index.php\/beauraing-enseignement-secondaire\/\" class=\"elementor-button-link elementor-button elementor-size-sm\" role=\"button\">\n\t\t\t\t\t\t<span class=\"elementor-button-content-wrapper\">\n\t\t\t\t\t\t<span class=\"elementor-button-icon elementor-align-icon-left\">\n\t\t\t\t<i aria-hidden=\"true\" class=\"far fa-arrow-alt-circle-left\"><\/i>\t\t\t<\/span>\n\t\t\t\t\t\t<span class=\"elementor-button-text\">Chantier pr\u00e9c\u00e9dent<\/span>\n\t\t<\/span>\n\t\t\t\t\t<\/a>\n\t\t<\/div>\n\t\t\t\t<\/div>\n\t\t\t\t<\/div>\n\t\t\t\t\t<\/div>\n\t\t<\/div>\n\t\t\t\t<div class=\"elementor-column elementor-col-50 elementor-top-column elementor-element elementor-element-3b869a11\" data-id=\"3b869a11\" data-element_type=\"column\">\n\t\t\t<div class=\"elementor-widget-wrap elementor-element-populated\">\n\t\t\t\t\t\t\t\t<div class=\"elementor-element elementor-element-31cf7819 elementor-align-center elementor-widget elementor-widget-button\" data-id=\"31cf7819\" data-element_type=\"widget\" data-widget_type=\"button.default\">\n\t\t\t\t<div class=\"elementor-widget-container\">\n\t\t\t\t\t<div class=\"elementor-button-wrapper\">\n\t\t\t<a href=\"https:\/\/www.kaiserconstruct.be\/index.php\/braine-lalleud-2\/\" class=\"elementor-button-link elementor-button elementor-size-sm\" role=\"button\">\n\t\t\t\t\t\t<span class=\"elementor-button-content-wrapper\">\n\t\t\t\t\t\t<span class=\"elementor-button-icon elementor-align-icon-right\">\n\t\t\t\t<i aria-hidden=\"true\" class=\"far fa-arrow-alt-circle-right\"><\/i>\t\t\t<\/span>\n\t\t\t\t\t\t<span class=\"elementor-button-text\">Chantier suivant<\/span>\n\t\t<\/span>\n\t\t\t\t\t<\/a>\n\t\t<\/div>\n\t\t\t\t<\/div>\n\t\t\t\t<\/div>\n\t\t\t\t\t<\/div>\n\t\t<\/div>\n\t\t\t\t\t\t\t<\/div>\n\t\t<\/section>\n\t\t\t\t\t\t<\/div>\n\t\t\t\t\t<\/div>\n\t\t","protected":false},"excerpt":{"rendered":"<p>Beauraing &#8211; Classes maternelles Construction de classes pour le maternel Ma\u00eetre d&#8217;ouvrage :&nbsp; Institut Notre-Dame de Beauraing Montant :&nbsp; 835.000 \u20ac (HTVA) Architecte :&nbsp; NOV\u00e9 Architectes SRL Chantier pr\u00e9c\u00e9dent Chantier suivant<\/p>\n","protected":false},"author":1,"featured_media":0,"parent":0,"menu_order":0,"comment_status":"closed","ping_status":"closed","template":"","meta":{"neve_meta_sidebar":"full-width","neve_meta_container":"","neve_meta_enable_content_width":"on","neve_meta_content_width":100,"neve_meta_title_alignment":"","neve_meta_author_avatar":"","neve_post_elements_order":"","neve_meta_disable_header":"","neve_meta_disable_footer":"","neve_meta_disable_title":""},"yoast_head":"<!-- This site is optimized with the Yoast SEO plugin v17.7.1 - https:\/\/yoast.com\/wordpress\/plugins\/seo\/ -->\n<title>Beauraing - Classes maternelles - Kaiser Construct<\/title>\n<meta name=\"description\" content=\"Chantier de construction scolaire \u00e0 Beauraing : nouvelles classes pour l\u2019enseignement maternel, en collaboration avec NOV\u00e9 Architectes.\" \/>\n<meta name=\"robots\" content=\"index, follow, max-snippet:-1, max-image-preview:large, max-video-preview:-1\" \/>\n<link rel=\"canonical\" href=\"https:\/\/www.kaiserconstruct.be\/index.php\/beauraing-classes-maternelles\/\" \/>\n<meta property=\"og:locale\" content=\"fr_FR\" \/>\n<meta property=\"og:type\" content=\"article\" \/>\n<meta property=\"og:title\" content=\"Beauraing - Classes maternelles - Kaiser Construct\" \/>\n<meta property=\"og:description\" content=\"Chantier de construction scolaire \u00e0 Beauraing : nouvelles classes pour l\u2019enseignement maternel, en collaboration avec NOV\u00e9 Architectes.\" \/>\n<meta property=\"og:url\" content=\"https:\/\/www.kaiserconstruct.be\/index.php\/beauraing-classes-maternelles\/\" \/>\n<meta property=\"og:site_name\" content=\"Kaiser Construct\" \/>\n<meta property=\"article:modified_time\" content=\"2025-03-28T15:50:37+00:00\" \/>\n<meta name=\"twitter:card\" content=\"summary_large_image\" \/>\n<meta name=\"twitter:label1\" content=\"Dur\u00e9e de lecture estim\u00e9e\" \/>\n\t<meta name=\"twitter:data1\" content=\"1 minute\" \/>\n<script type=\"application\/ld+json\" class=\"yoast-schema-graph\">{\"@context\":\"https:\/\/schema.org\",\"@graph\":[{\"@type\":\"WebSite\",\"@id\":\"https:\/\/www.kaiserconstruct.be\/#website\",\"url\":\"https:\/\/www.kaiserconstruct.be\/\",\"name\":\"Kaiser Construct\",\"description\":\"Construction et r\\u00e9novation\",\"potentialAction\":[{\"@type\":\"SearchAction\",\"target\":{\"@type\":\"EntryPoint\",\"urlTemplate\":\"https:\/\/www.kaiserconstruct.be\/?s={search_term_string}\"},\"query-input\":\"required name=search_term_string\"}],\"inLanguage\":\"fr-FR\"},{\"@type\":\"WebPage\",\"@id\":\"https:\/\/www.kaiserconstruct.be\/index.php\/beauraing-classes-maternelles\/#webpage\",\"url\":\"https:\/\/www.kaiserconstruct.be\/index.php\/beauraing-classes-maternelles\/\",\"name\":\"Beauraing - Classes maternelles - Kaiser Construct\",\"isPartOf\":{\"@id\":\"https:\/\/www.kaiserconstruct.be\/#website\"},\"datePublished\":\"2025-03-28T15:44:43+00:00\",\"dateModified\":\"2025-03-28T15:50:37+00:00\",\"description\":\"Chantier de construction scolaire \\u00e0 Beauraing : nouvelles classes pour l\\u2019enseignement maternel, en collaboration avec NOV\\u00e9 Architectes.\",\"breadcrumb\":{\"@id\":\"https:\/\/www.kaiserconstruct.be\/index.php\/beauraing-classes-maternelles\/#breadcrumb\"},\"inLanguage\":\"fr-FR\",\"potentialAction\":[{\"@type\":\"ReadAction\",\"target\":[\"https:\/\/www.kaiserconstruct.be\/index.php\/beauraing-classes-maternelles\/\"]}]},{\"@type\":\"BreadcrumbList\",\"@id\":\"https:\/\/www.kaiserconstruct.be\/index.php\/beauraing-classes-maternelles\/#breadcrumb\",\"itemListElement\":[{\"@type\":\"ListItem\",\"position\":1,\"name\":\"Accueil\",\"item\":\"https:\/\/www.kaiserconstruct.be\/\"},{\"@type\":\"ListItem\",\"position\":2,\"name\":\"Beauraing &#8211; Classes maternelles\"}]}]}<\/script>\n<!-- \/ Yoast SEO plugin. -->","yoast_head_json":{"title":"Beauraing - Classes maternelles - Kaiser Construct","description":"Chantier de construction scolaire \u00e0 Beauraing : nouvelles classes pour l\u2019enseignement maternel, en collaboration avec NOV\u00e9 Architectes.","robots":{"index":"index","follow":"follow","max-snippet":"max-snippet:-1","max-image-preview":"max-image-preview:large","max-video-preview":"max-video-preview:-1"},"canonical":"https:\/\/www.kaiserconstruct.be\/index.php\/beauraing-classes-maternelles\/","og_locale":"fr_FR","og_type":"article","og_title":"Beauraing - Classes maternelles - Kaiser Construct","og_description":"Chantier de construction scolaire \u00e0 Beauraing : nouvelles classes pour l\u2019enseignement maternel, en collaboration avec NOV\u00e9 Architectes.","og_url":"https:\/\/www.kaiserconstruct.be\/index.php\/beauraing-classes-maternelles\/","og_site_name":"Kaiser Construct","article_modified_time":"2025-03-28T15:50:37+00:00","twitter_card":"summary_large_image","twitter_misc":{"Dur\u00e9e de lecture estim\u00e9e":"1 minute"},"schema":{"@context":"https:\/\/schema.org","@graph":[{"@type":"WebSite","@id":"https:\/\/www.kaiserconstruct.be\/#website","url":"https:\/\/www.kaiserconstruct.be\/","name":"Kaiser Construct","description":"Construction et r\u00e9novation","potentialAction":[{"@type":"SearchAction","target":{"@type":"EntryPoint","urlTemplate":"https:\/\/www.kaiserconstruct.be\/?s={search_term_string}"},"query-input":"required name=search_term_string"}],"inLanguage":"fr-FR"},{"@type":"WebPage","@id":"https:\/\/www.kaiserconstruct.be\/index.php\/beauraing-classes-maternelles\/#webpage","url":"https:\/\/www.kaiserconstruct.be\/index.php\/beauraing-classes-maternelles\/","name":"Beauraing - Classes maternelles - Kaiser Construct","isPartOf":{"@id":"https:\/\/www.kaiserconstruct.be\/#website"},"datePublished":"2025-03-28T15:44:43+00:00","dateModified":"2025-03-28T15:50:37+00:00","description":"Chantier de construction scolaire \u00e0 Beauraing : nouvelles classes pour l\u2019enseignement maternel, en collaboration avec NOV\u00e9 Architectes.","breadcrumb":{"@id":"https:\/\/www.kaiserconstruct.be\/index.php\/beauraing-classes-maternelles\/#breadcrumb"},"inLanguage":"fr-FR","potentialAction":[{"@type":"ReadAction","target":["https:\/\/www.kaiserconstruct.be\/index.php\/beauraing-classes-maternelles\/"]}]},{"@type":"BreadcrumbList","@id":"https:\/\/www.kaiserconstruct.be\/index.php\/beauraing-classes-maternelles\/#breadcrumb","itemListElement":[{"@type":"ListItem","position":1,"name":"Accueil","item":"https:\/\/www.kaiserconstruct.be\/"},{"@type":"ListItem","position":2,"name":"Beauraing &#8211; Classes maternelles"}]}]}},"_links":{"self":[{"href":"https:\/\/www.kaiserconstruct.be\/index.php\/wp-json\/wp\/v2\/pages\/3066"}],"collection":[{"href":"https:\/\/www.kaiserconstruct.be\/index.php\/wp-json\/wp\/v2\/pages"}],"about":[{"href":"https:\/\/www.kaiserconstruct.be\/index.php\/wp-json\/wp\/v2\/types\/page"}],"author":[{"embeddable":true,"href":"https:\/\/www.kaiserconstruct.be\/index.php\/wp-json\/wp\/v2\/users\/1"}],"replies":[{"embeddable":true,"href":"https:\/\/www.kaiserconstruct.be\/index.php\/wp-json\/wp\/v2\/comments?post=3066"}],"version-history":[{"count":5,"href":"https:\/\/www.kaiserconstruct.be\/index.php\/wp-json\/wp\/v2\/pages\/3066\/revisions"}],"predecessor-version":[{"id":3072,"href":"https:\/\/www.kaiserconstruct.be\/index.php\/wp-json\/wp\/v2\/pages\/3066\/revisions\/3072"}],"wp:attachment":[{"href":"https:\/\/www.kaiserconstruct.be\/index.php\/wp-json\/wp\/v2\/media?parent=3066"}],"curies":[{"name":"wp","href":"https:\/\/api.w.org\/{rel}","templated":true}]}}