{"id":2887,"date":"2024-03-19T16:42:00","date_gmt":"2024-03-19T15:42:00","guid":{"rendered":"https:\/\/www.kaiserconstruct.be\/?page_id=2887"},"modified":"2024-03-19T16:51:58","modified_gmt":"2024-03-19T15:51:58","slug":"hastedon","status":"publish","type":"page","link":"https:\/\/www.kaiserconstruct.be\/index.php\/hastedon\/","title":{"rendered":"Hastedon"},"content":{"rendered":"\t\t<div data-elementor-type=\"wp-page\" data-elementor-id=\"2887\" class=\"elementor elementor-2887\" data-elementor-settings=\"[]\">\n\t\t\t\t\t\t\t<div class=\"elementor-section-wrap\">\n\t\t\t\t\t\t\t<section class=\"elementor-section elementor-top-section elementor-element elementor-element-6e209ada elementor-section-height-min-height elementor-section-content-middle elementor-section-full_width elementor-section-stretched elementor-section-height-default elementor-section-items-middle\" data-id=\"6e209ada\" data-element_type=\"section\" data-settings=\"{&quot;background_background&quot;:&quot;classic&quot;,&quot;stretch_section&quot;:&quot;section-stretched&quot;}\">\n\t\t\t\t\t\t\t<div class=\"elementor-background-overlay\"><\/div>\n\t\t\t\t\t\t\t<div class=\"elementor-container elementor-column-gap-no\">\n\t\t\t\t\t<div class=\"elementor-column elementor-col-100 elementor-top-column elementor-element elementor-element-9513ce5\" data-id=\"9513ce5\" data-element_type=\"column\">\n\t\t\t<div class=\"elementor-widget-wrap elementor-element-populated\">\n\t\t\t\t\t\t\t\t<div class=\"elementor-element elementor-element-6547c95b elementor-widget elementor-widget-heading\" data-id=\"6547c95b\" data-element_type=\"widget\" data-widget_type=\"heading.default\">\n\t\t\t\t<div class=\"elementor-widget-container\">\n\t\t\t<h2 class=\"elementor-heading-title elementor-size-default\">Hastedon<\/h2>\t\t<\/div>\n\t\t\t\t<\/div>\n\t\t\t\t<div class=\"elementor-element elementor-element-1021a0da elementor-widget elementor-widget-text-editor\" data-id=\"1021a0da\" data-element_type=\"widget\" data-widget_type=\"text-editor.default\">\n\t\t\t\t<div class=\"elementor-widget-container\">\n\t\t\t\t\t\t\t\t\t\t\t\t\t\t<\/div>\n\t\t\t\t<\/div>\n\t\t\t\t\t<\/div>\n\t\t<\/div>\n\t\t\t\t\t\t\t<\/div>\n\t\t<\/section>\n\t\t\t\t<section class=\"elementor-section elementor-top-section elementor-element elementor-element-298a994c elementor-section-boxed elementor-section-height-default elementor-section-height-default\" data-id=\"298a994c\" data-element_type=\"section\">\n\t\t\t\t\t\t<div class=\"elementor-container elementor-column-gap-default\">\n\t\t\t\t\t<div class=\"elementor-column elementor-col-100 elementor-top-column elementor-element elementor-element-404c21e5\" data-id=\"404c21e5\" data-element_type=\"column\" data-settings=\"{&quot;background_background&quot;:&quot;classic&quot;}\">\n\t\t\t<div class=\"elementor-widget-wrap elementor-element-populated\">\n\t\t\t\t\t\t\t\t<div class=\"elementor-element elementor-element-7c47f6af elementor--h-position-center elementor--v-position-middle elementor-arrows-position-inside elementor-pagination-position-inside elementor-widget elementor-widget-slides\" data-id=\"7c47f6af\" data-element_type=\"widget\" data-settings=\"{&quot;navigation&quot;:&quot;both&quot;,&quot;autoplay&quot;:&quot;yes&quot;,&quot;pause_on_hover&quot;:&quot;yes&quot;,&quot;pause_on_interaction&quot;:&quot;yes&quot;,&quot;autoplay_speed&quot;:5000,&quot;infinite&quot;:&quot;yes&quot;,&quot;transition&quot;:&quot;slide&quot;,&quot;transition_speed&quot;:500}\" data-widget_type=\"slides.default\">\n\t\t\t\t<div class=\"elementor-widget-container\">\n\t\t\t\t\t<div class=\"elementor-swiper\">\n\t\t\t<div class=\"elementor-slides-wrapper elementor-main-swiper swiper-container\" dir=\"ltr\" data-animation=\"fadeInUp\">\n\t\t\t\t<div class=\"swiper-wrapper elementor-slides\">\n\t\t\t\t\t<div class=\"elementor-repeater-item-51b38d7 swiper-slide\"><div class=\"swiper-slide-bg\"><\/div><div class=\"swiper-slide-inner\" ><div class=\"swiper-slide-contents\"><\/div><\/div><\/div><div class=\"elementor-repeater-item-a0393dc swiper-slide\"><div class=\"swiper-slide-bg elementor-ken-burns elementor-ken-burns--in\"><\/div><div class=\"swiper-slide-inner\" ><div class=\"swiper-slide-contents\"><\/div><\/div><\/div><div class=\"elementor-repeater-item-ecf0e84 swiper-slide\"><div class=\"swiper-slide-bg\"><\/div><div class=\"swiper-slide-inner\" ><div class=\"swiper-slide-contents\"><\/div><\/div><\/div>\t\t\t\t<\/div>\n\t\t\t\t\t\t\t\t\t\t\t\t\t\t\t<div class=\"swiper-pagination\"><\/div>\n\t\t\t\t\t\t\t\t\t\t\t\t\t\t\t\t<div class=\"elementor-swiper-button elementor-swiper-button-prev\">\n\t\t\t\t\t\t\t<i class=\"eicon-chevron-left\" aria-hidden=\"true\"><\/i>\n\t\t\t\t\t\t\t<span class=\"elementor-screen-only\">Pr\u00e9c\u00e9dent<\/span>\n\t\t\t\t\t\t<\/div>\n\t\t\t\t\t\t<div class=\"elementor-swiper-button elementor-swiper-button-next\">\n\t\t\t\t\t\t\t<i class=\"eicon-chevron-right\" aria-hidden=\"true\"><\/i>\n\t\t\t\t\t\t\t<span class=\"elementor-screen-only\">Suivant<\/span>\n\t\t\t\t\t\t<\/div>\n\t\t\t\t\t\t\t\t\t\t\t\t<\/div>\n\t\t<\/div>\n\t\t\t\t<\/div>\n\t\t\t\t<\/div>\n\t\t\t\t\t<\/div>\n\t\t<\/div>\n\t\t\t\t\t\t\t<\/div>\n\t\t<\/section>\n\t\t\t\t<section class=\"elementor-section elementor-top-section elementor-element elementor-element-15b7e0a5 elementor-section-boxed elementor-section-height-default elementor-section-height-default\" data-id=\"15b7e0a5\" data-element_type=\"section\">\n\t\t\t\t\t\t<div class=\"elementor-container elementor-column-gap-default\">\n\t\t\t\t\t<div class=\"elementor-column elementor-col-100 elementor-top-column elementor-element elementor-element-422aa3c3\" data-id=\"422aa3c3\" data-element_type=\"column\">\n\t\t\t<div class=\"elementor-widget-wrap elementor-element-populated\">\n\t\t\t\t\t\t\t\t<div class=\"elementor-element elementor-element-4085bba3 elementor-widget elementor-widget-spacer\" data-id=\"4085bba3\" data-element_type=\"widget\" data-widget_type=\"spacer.default\">\n\t\t\t\t<div class=\"elementor-widget-container\">\n\t\t\t\t\t<div class=\"elementor-spacer\">\n\t\t\t<div class=\"elementor-spacer-inner\"><\/div>\n\t\t<\/div>\n\t\t\t\t<\/div>\n\t\t\t\t<\/div>\n\t\t\t\t\t<\/div>\n\t\t<\/div>\n\t\t\t\t\t\t\t<\/div>\n\t\t<\/section>\n\t\t\t\t<section class=\"elementor-section elementor-top-section elementor-element elementor-element-63af8ebd elementor-section-boxed elementor-section-height-default elementor-section-height-default\" data-id=\"63af8ebd\" data-element_type=\"section\">\n\t\t\t\t\t\t<div class=\"elementor-container elementor-column-gap-default\">\n\t\t\t\t\t<div class=\"elementor-column elementor-col-50 elementor-top-column elementor-element elementor-element-5142415d\" data-id=\"5142415d\" data-element_type=\"column\">\n\t\t\t<div class=\"elementor-widget-wrap elementor-element-populated\">\n\t\t\t\t\t\t\t\t<div class=\"elementor-element elementor-element-44e08a44 elementor-widget elementor-widget-text-editor\" data-id=\"44e08a44\" data-element_type=\"widget\" data-widget_type=\"text-editor.default\">\n\t\t\t\t<div class=\"elementor-widget-container\">\n\t\t\t\t\t\t\t\t<p>R\u00e9am\u00e9nagement du commissariat d&#8217;Hastedon<\/p>\t\t\t\t\t\t<\/div>\n\t\t\t\t<\/div>\n\t\t\t\t\t<\/div>\n\t\t<\/div>\n\t\t\t\t<div class=\"elementor-column elementor-col-50 elementor-top-column elementor-element elementor-element-2435a5cb\" data-id=\"2435a5cb\" data-element_type=\"column\">\n\t\t\t<div class=\"elementor-widget-wrap elementor-element-populated\">\n\t\t\t\t\t\t\t\t<div class=\"elementor-element elementor-element-2432b627 elementor-widget elementor-widget-text-editor\" data-id=\"2432b627\" data-element_type=\"widget\" data-widget_type=\"text-editor.default\">\n\t\t\t\t<div class=\"elementor-widget-container\">\n\t\t\t\t\t\t\t\t<p><strong>Ma\u00eetre d&#8217;ouvrage :\u00a0<\/strong><\/p><p>Administration communale de Namur<\/p>\t\t\t\t\t\t<\/div>\n\t\t\t\t<\/div>\n\t\t\t\t<div class=\"elementor-element elementor-element-77999fb elementor-widget elementor-widget-text-editor\" data-id=\"77999fb\" data-element_type=\"widget\" data-widget_type=\"text-editor.default\">\n\t\t\t\t<div class=\"elementor-widget-container\">\n\t\t\t\t\t\t\t\t<p><strong>Montant :\u00a0<\/strong><\/p><p>518 943,45\u20ac (HTVA)<\/p>\t\t\t\t\t\t<\/div>\n\t\t\t\t<\/div>\n\t\t\t\t<div class=\"elementor-element elementor-element-3a072a3c elementor-widget elementor-widget-text-editor\" data-id=\"3a072a3c\" data-element_type=\"widget\" data-widget_type=\"text-editor.default\">\n\t\t\t\t<div class=\"elementor-widget-container\">\n\t\t\t\t\t\t\t\t<p><strong>Architecte :\u00a0<\/strong><\/p><p>INASEP<\/p>\t\t\t\t\t\t<\/div>\n\t\t\t\t<\/div>\n\t\t\t\t\t<\/div>\n\t\t<\/div>\n\t\t\t\t\t\t\t<\/div>\n\t\t<\/section>\n\t\t\t\t<section class=\"elementor-section elementor-top-section elementor-element elementor-element-28ee1a12 elementor-hidden-phone elementor-section-boxed elementor-section-height-default elementor-section-height-default\" data-id=\"28ee1a12\" data-element_type=\"section\">\n\t\t\t\t\t\t<div class=\"elementor-container elementor-column-gap-default\">\n\t\t\t\t\t<div class=\"elementor-column elementor-col-50 elementor-top-column elementor-element elementor-element-1c15f2dd\" data-id=\"1c15f2dd\" data-element_type=\"column\">\n\t\t\t<div class=\"elementor-widget-wrap elementor-element-populated\">\n\t\t\t\t\t\t\t\t<div class=\"elementor-element elementor-element-4a5cdcf2 elementor-align-center elementor-widget elementor-widget-button\" data-id=\"4a5cdcf2\" data-element_type=\"widget\" data-widget_type=\"button.default\">\n\t\t\t\t<div class=\"elementor-widget-container\">\n\t\t\t\t\t<div class=\"elementor-button-wrapper\">\n\t\t\t<a href=\"https:\/\/www.kaiserconstruct.be\/index.php\/sinsin\/\" class=\"elementor-button-link elementor-button elementor-size-sm\" role=\"button\">\n\t\t\t\t\t\t<span class=\"elementor-button-content-wrapper\">\n\t\t\t\t\t\t<span class=\"elementor-button-icon elementor-align-icon-left\">\n\t\t\t\t<i aria-hidden=\"true\" class=\"far fa-arrow-alt-circle-left\"><\/i>\t\t\t<\/span>\n\t\t\t\t\t\t<span class=\"elementor-button-text\">Chantier pr\u00e9c\u00e9dent<\/span>\n\t\t<\/span>\n\t\t\t\t\t<\/a>\n\t\t<\/div>\n\t\t\t\t<\/div>\n\t\t\t\t<\/div>\n\t\t\t\t\t<\/div>\n\t\t<\/div>\n\t\t\t\t<div class=\"elementor-column elementor-col-50 elementor-top-column elementor-element elementor-element-416792ff\" data-id=\"416792ff\" data-element_type=\"column\">\n\t\t\t<div class=\"elementor-widget-wrap elementor-element-populated\">\n\t\t\t\t\t\t\t\t<div class=\"elementor-element elementor-element-1dc7ab9e elementor-align-center elementor-widget elementor-widget-button\" data-id=\"1dc7ab9e\" data-element_type=\"widget\" data-widget_type=\"button.default\">\n\t\t\t\t<div class=\"elementor-widget-container\">\n\t\t\t\t\t<div class=\"elementor-button-wrapper\">\n\t\t\t<a href=\"https:\/\/www.kaiserconstruct.be\/index.php\/braine-lalleud-2\/\" class=\"elementor-button-link elementor-button elementor-size-sm\" role=\"button\">\n\t\t\t\t\t\t<span class=\"elementor-button-content-wrapper\">\n\t\t\t\t\t\t<span class=\"elementor-button-icon elementor-align-icon-right\">\n\t\t\t\t<i aria-hidden=\"true\" class=\"far fa-arrow-alt-circle-right\"><\/i>\t\t\t<\/span>\n\t\t\t\t\t\t<span class=\"elementor-button-text\">Chantier suivant<\/span>\n\t\t<\/span>\n\t\t\t\t\t<\/a>\n\t\t<\/div>\n\t\t\t\t<\/div>\n\t\t\t\t<\/div>\n\t\t\t\t\t<\/div>\n\t\t<\/div>\n\t\t\t\t\t\t\t<\/div>\n\t\t<\/section>\n\t\t\t\t\t\t<\/div>\n\t\t\t\t\t<\/div>\n\t\t","protected":false},"excerpt":{"rendered":"<p>Hostedon R\u00e9am\u00e9nagement du commissariat Pr\u00e9c\u00e9dent Suivant R\u00e9am\u00e9nagement du commissariat d&#8217;Hostedon Ma\u00eetre d&#8217;ouvrage :&nbsp; Administration communale de Namur Montant :&nbsp; 518 943,45\u20ac (HTVA) Architecte :&nbsp; INASEP Chantier pr\u00e9c\u00e9dent Chantier suivant<\/p>\n","protected":false},"author":1,"featured_media":2889,"parent":0,"menu_order":0,"comment_status":"closed","ping_status":"closed","template":"","meta":{"neve_meta_sidebar":"full-width","neve_meta_container":"","neve_meta_enable_content_width":"on","neve_meta_content_width":100,"neve_meta_title_alignment":"","neve_meta_author_avatar":"","neve_post_elements_order":"","neve_meta_disable_header":"","neve_meta_disable_footer":"","neve_meta_disable_title":""},"yoast_head":"<!-- This site is optimized with the Yoast SEO plugin v17.7.1 - https:\/\/yoast.com\/wordpress\/plugins\/seo\/ -->\n<title>Hastedon - Kaiser Construct<\/title>\n<meta name=\"description\" content=\"Kaiser Construct s&#039;occupe de la remise \u00e0 jour et le r\u00e9am\u00e9nagement en entier de l&#039;accueil du commissariat d&#039;Hostedon.\" \/>\n<meta name=\"robots\" content=\"index, follow, max-snippet:-1, max-image-preview:large, max-video-preview:-1\" \/>\n<link rel=\"canonical\" href=\"https:\/\/www.kaiserconstruct.be\/index.php\/hastedon\/\" \/>\n<meta property=\"og:locale\" content=\"fr_FR\" \/>\n<meta property=\"og:type\" content=\"article\" \/>\n<meta property=\"og:title\" content=\"Hastedon - Kaiser Construct\" \/>\n<meta property=\"og:description\" content=\"Kaiser Construct s&#039;occupe de la remise \u00e0 jour et le r\u00e9am\u00e9nagement en entier de l&#039;accueil du commissariat d&#039;Hostedon.\" \/>\n<meta property=\"og:url\" content=\"https:\/\/www.kaiserconstruct.be\/index.php\/hastedon\/\" \/>\n<meta property=\"og:site_name\" content=\"Kaiser Construct\" \/>\n<meta property=\"article:modified_time\" content=\"2024-03-19T15:51:58+00:00\" \/>\n<meta property=\"og:image\" content=\"https:\/\/www.kaiserconstruct.be\/wp-content\/uploads\/2024\/03\/Capture-decran-2024-03-14-175843.png\" \/>\n\t<meta property=\"og:image:width\" content=\"1296\" \/>\n\t<meta property=\"og:image:height\" content=\"814\" \/>\n<meta name=\"twitter:card\" content=\"summary_large_image\" \/>\n<meta name=\"twitter:label1\" content=\"Dur\u00e9e de lecture estim\u00e9e\" \/>\n\t<meta name=\"twitter:data1\" content=\"1 minute\" \/>\n<script type=\"application\/ld+json\" class=\"yoast-schema-graph\">{\"@context\":\"https:\/\/schema.org\",\"@graph\":[{\"@type\":\"WebSite\",\"@id\":\"https:\/\/www.kaiserconstruct.be\/#website\",\"url\":\"https:\/\/www.kaiserconstruct.be\/\",\"name\":\"Kaiser Construct\",\"description\":\"Construction et r\\u00e9novation\",\"potentialAction\":[{\"@type\":\"SearchAction\",\"target\":{\"@type\":\"EntryPoint\",\"urlTemplate\":\"https:\/\/www.kaiserconstruct.be\/?s={search_term_string}\"},\"query-input\":\"required name=search_term_string\"}],\"inLanguage\":\"fr-FR\"},{\"@type\":\"ImageObject\",\"@id\":\"https:\/\/www.kaiserconstruct.be\/index.php\/hastedon\/#primaryimage\",\"inLanguage\":\"fr-FR\",\"url\":\"https:\/\/www.kaiserconstruct.be\/wp-content\/uploads\/2024\/03\/Capture-decran-2024-03-14-175843.png\",\"contentUrl\":\"https:\/\/www.kaiserconstruct.be\/wp-content\/uploads\/2024\/03\/Capture-decran-2024-03-14-175843.png\",\"width\":1296,\"height\":814},{\"@type\":\"WebPage\",\"@id\":\"https:\/\/www.kaiserconstruct.be\/index.php\/hastedon\/#webpage\",\"url\":\"https:\/\/www.kaiserconstruct.be\/index.php\/hastedon\/\",\"name\":\"Hastedon - Kaiser Construct\",\"isPartOf\":{\"@id\":\"https:\/\/www.kaiserconstruct.be\/#website\"},\"primaryImageOfPage\":{\"@id\":\"https:\/\/www.kaiserconstruct.be\/index.php\/hastedon\/#primaryimage\"},\"datePublished\":\"2024-03-19T15:42:00+00:00\",\"dateModified\":\"2024-03-19T15:51:58+00:00\",\"description\":\"Kaiser Construct s'occupe de la remise \\u00e0 jour et le r\\u00e9am\\u00e9nagement en entier de l'accueil du commissariat d'Hostedon.\",\"breadcrumb\":{\"@id\":\"https:\/\/www.kaiserconstruct.be\/index.php\/hastedon\/#breadcrumb\"},\"inLanguage\":\"fr-FR\",\"potentialAction\":[{\"@type\":\"ReadAction\",\"target\":[\"https:\/\/www.kaiserconstruct.be\/index.php\/hastedon\/\"]}]},{\"@type\":\"BreadcrumbList\",\"@id\":\"https:\/\/www.kaiserconstruct.be\/index.php\/hastedon\/#breadcrumb\",\"itemListElement\":[{\"@type\":\"ListItem\",\"position\":1,\"name\":\"Accueil\",\"item\":\"https:\/\/www.kaiserconstruct.be\/\"},{\"@type\":\"ListItem\",\"position\":2,\"name\":\"Hastedon\"}]}]}<\/script>\n<!-- \/ Yoast SEO plugin. -->","yoast_head_json":{"title":"Hastedon - Kaiser Construct","description":"Kaiser Construct s'occupe de la remise \u00e0 jour et le r\u00e9am\u00e9nagement en entier de l'accueil du commissariat d'Hostedon.","robots":{"index":"index","follow":"follow","max-snippet":"max-snippet:-1","max-image-preview":"max-image-preview:large","max-video-preview":"max-video-preview:-1"},"canonical":"https:\/\/www.kaiserconstruct.be\/index.php\/hastedon\/","og_locale":"fr_FR","og_type":"article","og_title":"Hastedon - Kaiser Construct","og_description":"Kaiser Construct s'occupe de la remise \u00e0 jour et le r\u00e9am\u00e9nagement en entier de l'accueil du commissariat d'Hostedon.","og_url":"https:\/\/www.kaiserconstruct.be\/index.php\/hastedon\/","og_site_name":"Kaiser Construct","article_modified_time":"2024-03-19T15:51:58+00:00","og_image":[{"width":1296,"height":814,"url":"https:\/\/www.kaiserconstruct.be\/wp-content\/uploads\/2024\/03\/Capture-decran-2024-03-14-175843.png","type":"image\/png"}],"twitter_card":"summary_large_image","twitter_misc":{"Dur\u00e9e de lecture estim\u00e9e":"1 minute"},"schema":{"@context":"https:\/\/schema.org","@graph":[{"@type":"WebSite","@id":"https:\/\/www.kaiserconstruct.be\/#website","url":"https:\/\/www.kaiserconstruct.be\/","name":"Kaiser Construct","description":"Construction et r\u00e9novation","potentialAction":[{"@type":"SearchAction","target":{"@type":"EntryPoint","urlTemplate":"https:\/\/www.kaiserconstruct.be\/?s={search_term_string}"},"query-input":"required name=search_term_string"}],"inLanguage":"fr-FR"},{"@type":"ImageObject","@id":"https:\/\/www.kaiserconstruct.be\/index.php\/hastedon\/#primaryimage","inLanguage":"fr-FR","url":"https:\/\/www.kaiserconstruct.be\/wp-content\/uploads\/2024\/03\/Capture-decran-2024-03-14-175843.png","contentUrl":"https:\/\/www.kaiserconstruct.be\/wp-content\/uploads\/2024\/03\/Capture-decran-2024-03-14-175843.png","width":1296,"height":814},{"@type":"WebPage","@id":"https:\/\/www.kaiserconstruct.be\/index.php\/hastedon\/#webpage","url":"https:\/\/www.kaiserconstruct.be\/index.php\/hastedon\/","name":"Hastedon - Kaiser Construct","isPartOf":{"@id":"https:\/\/www.kaiserconstruct.be\/#website"},"primaryImageOfPage":{"@id":"https:\/\/www.kaiserconstruct.be\/index.php\/hastedon\/#primaryimage"},"datePublished":"2024-03-19T15:42:00+00:00","dateModified":"2024-03-19T15:51:58+00:00","description":"Kaiser Construct s'occupe de la remise \u00e0 jour et le r\u00e9am\u00e9nagement en entier de l'accueil du commissariat d'Hostedon.","breadcrumb":{"@id":"https:\/\/www.kaiserconstruct.be\/index.php\/hastedon\/#breadcrumb"},"inLanguage":"fr-FR","potentialAction":[{"@type":"ReadAction","target":["https:\/\/www.kaiserconstruct.be\/index.php\/hastedon\/"]}]},{"@type":"BreadcrumbList","@id":"https:\/\/www.kaiserconstruct.be\/index.php\/hastedon\/#breadcrumb","itemListElement":[{"@type":"ListItem","position":1,"name":"Accueil","item":"https:\/\/www.kaiserconstruct.be\/"},{"@type":"ListItem","position":2,"name":"Hastedon"}]}]}},"_links":{"self":[{"href":"https:\/\/www.kaiserconstruct.be\/index.php\/wp-json\/wp\/v2\/pages\/2887"}],"collection":[{"href":"https:\/\/www.kaiserconstruct.be\/index.php\/wp-json\/wp\/v2\/pages"}],"about":[{"href":"https:\/\/www.kaiserconstruct.be\/index.php\/wp-json\/wp\/v2\/types\/page"}],"author":[{"embeddable":true,"href":"https:\/\/www.kaiserconstruct.be\/index.php\/wp-json\/wp\/v2\/users\/1"}],"replies":[{"embeddable":true,"href":"https:\/\/www.kaiserconstruct.be\/index.php\/wp-json\/wp\/v2\/comments?post=2887"}],"version-history":[{"count":22,"href":"https:\/\/www.kaiserconstruct.be\/index.php\/wp-json\/wp\/v2\/pages\/2887\/revisions"}],"predecessor-version":[{"id":2923,"href":"https:\/\/www.kaiserconstruct.be\/index.php\/wp-json\/wp\/v2\/pages\/2887\/revisions\/2923"}],"wp:featuredmedia":[{"embeddable":true,"href":"https:\/\/www.kaiserconstruct.be\/index.php\/wp-json\/wp\/v2\/media\/2889"}],"wp:attachment":[{"href":"https:\/\/www.kaiserconstruct.be\/index.php\/wp-json\/wp\/v2\/media?parent=2887"}],"curies":[{"name":"wp","href":"https:\/\/api.w.org\/{rel}","templated":true}]}}