{"id":2683,"date":"2023-12-27T15:26:28","date_gmt":"2023-12-27T14:26:28","guid":{"rendered":"https:\/\/www.kaiserconstruct.be\/?page_id=2683"},"modified":"2023-12-28T10:43:31","modified_gmt":"2023-12-28T09:43:31","slug":"warnant","status":"publish","type":"page","link":"https:\/\/www.kaiserconstruct.be\/index.php\/warnant\/","title":{"rendered":"Warnant"},"content":{"rendered":"\t\t<div data-elementor-type=\"wp-page\" data-elementor-id=\"2683\" class=\"elementor elementor-2683\" data-elementor-settings=\"[]\">\n\t\t\t\t\t\t\t<div class=\"elementor-section-wrap\">\n\t\t\t\t\t\t\t<section class=\"elementor-section elementor-top-section elementor-element elementor-element-1dca64c1 elementor-section-height-min-height elementor-section-content-middle elementor-section-full_width elementor-section-stretched elementor-section-height-default elementor-section-items-middle\" data-id=\"1dca64c1\" data-element_type=\"section\" data-settings=\"{&quot;background_background&quot;:&quot;classic&quot;,&quot;stretch_section&quot;:&quot;section-stretched&quot;}\">\n\t\t\t\t\t\t\t<div class=\"elementor-background-overlay\"><\/div>\n\t\t\t\t\t\t\t<div class=\"elementor-container elementor-column-gap-no\">\n\t\t\t\t\t<div class=\"elementor-column elementor-col-100 elementor-top-column elementor-element elementor-element-56390adc\" data-id=\"56390adc\" data-element_type=\"column\">\n\t\t\t<div class=\"elementor-widget-wrap elementor-element-populated\">\n\t\t\t\t\t\t\t\t<div class=\"elementor-element elementor-element-674d4e2c elementor-widget elementor-widget-heading\" data-id=\"674d4e2c\" data-element_type=\"widget\" data-widget_type=\"heading.default\">\n\t\t\t\t<div class=\"elementor-widget-container\">\n\t\t\t<h2 class=\"elementor-heading-title elementor-size-default\">Warnant<\/h2>\t\t<\/div>\n\t\t\t\t<\/div>\n\t\t\t\t\t<\/div>\n\t\t<\/div>\n\t\t\t\t\t\t\t<\/div>\n\t\t<\/section>\n\t\t\t\t<section class=\"elementor-section elementor-top-section elementor-element elementor-element-3d34010c elementor-section-boxed elementor-section-height-default elementor-section-height-default\" data-id=\"3d34010c\" data-element_type=\"section\">\n\t\t\t\t\t\t<div class=\"elementor-container elementor-column-gap-default\">\n\t\t\t\t\t<div class=\"elementor-column elementor-col-100 elementor-top-column elementor-element elementor-element-363f041d\" data-id=\"363f041d\" data-element_type=\"column\" data-settings=\"{&quot;background_background&quot;:&quot;classic&quot;}\">\n\t\t\t<div class=\"elementor-widget-wrap elementor-element-populated\">\n\t\t\t\t\t\t\t\t<div class=\"elementor-element elementor-element-1363016 elementor--h-position-center elementor--v-position-middle elementor-arrows-position-inside elementor-pagination-position-inside elementor-widget elementor-widget-slides\" data-id=\"1363016\" data-element_type=\"widget\" data-settings=\"{&quot;navigation&quot;:&quot;both&quot;,&quot;autoplay&quot;:&quot;yes&quot;,&quot;pause_on_hover&quot;:&quot;yes&quot;,&quot;pause_on_interaction&quot;:&quot;yes&quot;,&quot;autoplay_speed&quot;:5000,&quot;infinite&quot;:&quot;yes&quot;,&quot;transition&quot;:&quot;slide&quot;,&quot;transition_speed&quot;:500}\" data-widget_type=\"slides.default\">\n\t\t\t\t<div class=\"elementor-widget-container\">\n\t\t\t\t\t<div class=\"elementor-swiper\">\n\t\t\t<div class=\"elementor-slides-wrapper elementor-main-swiper swiper-container\" dir=\"ltr\" data-animation=\"fadeInUp\">\n\t\t\t\t<div class=\"swiper-wrapper elementor-slides\">\n\t\t\t\t\t<div class=\"elementor-repeater-item-51b38d7 swiper-slide\"><div class=\"swiper-slide-bg elementor-ken-burns elementor-ken-burns--in\"><\/div><div class=\"swiper-slide-inner\" ><div class=\"swiper-slide-contents\"><\/div><\/div><\/div><div class=\"elementor-repeater-item-ecf0e84 swiper-slide\"><div class=\"swiper-slide-bg\"><\/div><div class=\"swiper-slide-inner\" ><div class=\"swiper-slide-contents\"><\/div><\/div><\/div>\t\t\t\t<\/div>\n\t\t\t\t\t\t\t\t\t\t\t\t\t\t\t<div class=\"swiper-pagination\"><\/div>\n\t\t\t\t\t\t\t\t\t\t\t\t\t\t\t\t<div class=\"elementor-swiper-button elementor-swiper-button-prev\">\n\t\t\t\t\t\t\t<i class=\"eicon-chevron-left\" aria-hidden=\"true\"><\/i>\n\t\t\t\t\t\t\t<span class=\"elementor-screen-only\">Pr\u00e9c\u00e9dent<\/span>\n\t\t\t\t\t\t<\/div>\n\t\t\t\t\t\t<div class=\"elementor-swiper-button elementor-swiper-button-next\">\n\t\t\t\t\t\t\t<i class=\"eicon-chevron-right\" aria-hidden=\"true\"><\/i>\n\t\t\t\t\t\t\t<span class=\"elementor-screen-only\">Suivant<\/span>\n\t\t\t\t\t\t<\/div>\n\t\t\t\t\t\t\t\t\t\t\t\t<\/div>\n\t\t<\/div>\n\t\t\t\t<\/div>\n\t\t\t\t<\/div>\n\t\t\t\t\t<\/div>\n\t\t<\/div>\n\t\t\t\t\t\t\t<\/div>\n\t\t<\/section>\n\t\t\t\t<section class=\"elementor-section elementor-top-section elementor-element elementor-element-5cd94570 elementor-section-boxed elementor-section-height-default elementor-section-height-default\" data-id=\"5cd94570\" data-element_type=\"section\">\n\t\t\t\t\t\t<div class=\"elementor-container elementor-column-gap-default\">\n\t\t\t\t\t<div class=\"elementor-column elementor-col-100 elementor-top-column elementor-element elementor-element-75084358\" data-id=\"75084358\" data-element_type=\"column\">\n\t\t\t<div class=\"elementor-widget-wrap elementor-element-populated\">\n\t\t\t\t\t\t\t\t<div class=\"elementor-element elementor-element-61e3d06e elementor-widget elementor-widget-spacer\" data-id=\"61e3d06e\" data-element_type=\"widget\" data-widget_type=\"spacer.default\">\n\t\t\t\t<div class=\"elementor-widget-container\">\n\t\t\t\t\t<div class=\"elementor-spacer\">\n\t\t\t<div class=\"elementor-spacer-inner\"><\/div>\n\t\t<\/div>\n\t\t\t\t<\/div>\n\t\t\t\t<\/div>\n\t\t\t\t\t<\/div>\n\t\t<\/div>\n\t\t\t\t\t\t\t<\/div>\n\t\t<\/section>\n\t\t\t\t<section class=\"elementor-section elementor-top-section elementor-element elementor-element-4ab745a3 elementor-section-boxed elementor-section-height-default elementor-section-height-default\" data-id=\"4ab745a3\" data-element_type=\"section\">\n\t\t\t\t\t\t<div class=\"elementor-container elementor-column-gap-default\">\n\t\t\t\t\t<div class=\"elementor-column elementor-col-50 elementor-top-column elementor-element elementor-element-174ceb8e\" data-id=\"174ceb8e\" data-element_type=\"column\">\n\t\t\t<div class=\"elementor-widget-wrap elementor-element-populated\">\n\t\t\t\t\t\t\t\t<div class=\"elementor-element elementor-element-415a8dd0 elementor-widget elementor-widget-text-editor\" data-id=\"415a8dd0\" data-element_type=\"widget\" data-widget_type=\"text-editor.default\">\n\t\t\t\t<div class=\"elementor-widget-container\">\n\t\t\t\t\t\t\t\t<p>R\u00e9novation et transformation de l\u2019\u00e9cole<\/p>\t\t\t\t\t\t<\/div>\n\t\t\t\t<\/div>\n\t\t\t\t\t<\/div>\n\t\t<\/div>\n\t\t\t\t<div class=\"elementor-column elementor-col-50 elementor-top-column elementor-element elementor-element-4d16f09c\" data-id=\"4d16f09c\" data-element_type=\"column\">\n\t\t\t<div class=\"elementor-widget-wrap elementor-element-populated\">\n\t\t\t\t\t\t\t\t<div class=\"elementor-element elementor-element-23f32be5 elementor-widget elementor-widget-text-editor\" data-id=\"23f32be5\" data-element_type=\"widget\" data-widget_type=\"text-editor.default\">\n\t\t\t\t<div class=\"elementor-widget-container\">\n\t\t\t\t\t\t\t\t<p><strong>Ma\u00eetre d&#8217;ouvrage :\u00a0<\/strong><\/p><p>Administration communale de Anh\u00e9e.<\/p>\t\t\t\t\t\t<\/div>\n\t\t\t\t<\/div>\n\t\t\t\t<div class=\"elementor-element elementor-element-3016e700 elementor-widget elementor-widget-text-editor\" data-id=\"3016e700\" data-element_type=\"widget\" data-widget_type=\"text-editor.default\">\n\t\t\t\t<div class=\"elementor-widget-container\">\n\t\t\t\t\t\t\t\t<p><strong>Montant :\u00a0<\/strong><\/p><p>892.756,78 \u20ac (HTVA)<\/p>\t\t\t\t\t\t<\/div>\n\t\t\t\t<\/div>\n\t\t\t\t<div class=\"elementor-element elementor-element-2598d060 elementor-widget elementor-widget-text-editor\" data-id=\"2598d060\" data-element_type=\"widget\" data-widget_type=\"text-editor.default\">\n\t\t\t\t<div class=\"elementor-widget-container\">\n\t\t\t\t\t\t\t\t<p><strong>Architecte :\u00a0<\/strong><\/p><p>Agua<\/p>\t\t\t\t\t\t<\/div>\n\t\t\t\t<\/div>\n\t\t\t\t\t<\/div>\n\t\t<\/div>\n\t\t\t\t\t\t\t<\/div>\n\t\t<\/section>\n\t\t\t\t<section class=\"elementor-section elementor-top-section elementor-element elementor-element-1c2cc47 elementor-section-boxed elementor-section-height-default elementor-section-height-default\" data-id=\"1c2cc47\" data-element_type=\"section\">\n\t\t\t\t\t\t<div class=\"elementor-container elementor-column-gap-default\">\n\t\t\t\t\t<div class=\"elementor-column elementor-col-50 elementor-top-column elementor-element elementor-element-2b34344\" data-id=\"2b34344\" data-element_type=\"column\">\n\t\t\t<div class=\"elementor-widget-wrap elementor-element-populated\">\n\t\t\t\t\t\t\t\t<div class=\"elementor-element elementor-element-8b5252f elementor-align-center elementor-widget elementor-widget-button\" data-id=\"8b5252f\" data-element_type=\"widget\" data-widget_type=\"button.default\">\n\t\t\t\t<div class=\"elementor-widget-container\">\n\t\t\t\t\t<div class=\"elementor-button-wrapper\">\n\t\t\t<a href=\"https:\/\/www.kaiserconstruct.be\/index.php\/dinant-2\/\" class=\"elementor-button-link elementor-button elementor-size-sm\" role=\"button\">\n\t\t\t\t\t\t<span class=\"elementor-button-content-wrapper\">\n\t\t\t\t\t\t<span class=\"elementor-button-icon elementor-align-icon-left\">\n\t\t\t\t<i aria-hidden=\"true\" class=\"far fa-arrow-alt-circle-left\"><\/i>\t\t\t<\/span>\n\t\t\t\t\t\t<span class=\"elementor-button-text\">Chantier pr\u00e9c\u00e9dent<\/span>\n\t\t<\/span>\n\t\t\t\t\t<\/a>\n\t\t<\/div>\n\t\t\t\t<\/div>\n\t\t\t\t<\/div>\n\t\t\t\t\t<\/div>\n\t\t<\/div>\n\t\t\t\t<div class=\"elementor-column elementor-col-50 elementor-top-column elementor-element elementor-element-a5abc72\" data-id=\"a5abc72\" data-element_type=\"column\">\n\t\t\t<div class=\"elementor-widget-wrap elementor-element-populated\">\n\t\t\t\t\t\t\t\t<div class=\"elementor-element elementor-element-6106c98 elementor-align-center elementor-widget elementor-widget-button\" data-id=\"6106c98\" data-element_type=\"widget\" data-widget_type=\"button.default\">\n\t\t\t\t<div class=\"elementor-widget-container\">\n\t\t\t\t\t<div class=\"elementor-button-wrapper\">\n\t\t\t<a href=\"https:\/\/www.kaiserconstruct.be\/index.php\/ohey\/\" class=\"elementor-button-link elementor-button elementor-size-sm\" role=\"button\">\n\t\t\t\t\t\t<span class=\"elementor-button-content-wrapper\">\n\t\t\t\t\t\t<span class=\"elementor-button-icon elementor-align-icon-right\">\n\t\t\t\t<i aria-hidden=\"true\" class=\"far fa-arrow-alt-circle-right\"><\/i>\t\t\t<\/span>\n\t\t\t\t\t\t<span class=\"elementor-button-text\">Chantier suivant<\/span>\n\t\t<\/span>\n\t\t\t\t\t<\/a>\n\t\t<\/div>\n\t\t\t\t<\/div>\n\t\t\t\t<\/div>\n\t\t\t\t\t<\/div>\n\t\t<\/div>\n\t\t\t\t\t\t\t<\/div>\n\t\t<\/section>\n\t\t\t\t\t\t<\/div>\n\t\t\t\t\t<\/div>\n\t\t","protected":false},"excerpt":{"rendered":"<p>Warnant Pr\u00e9c\u00e9dent Suivant R\u00e9novation et transformation de l\u2019\u00e9cole Ma\u00eetre d&#8217;ouvrage :\u00a0 Administration communale de Anh\u00e9e. Montant :\u00a0 892.756,78 \u20ac (HTVA) Architecte :\u00a0 Agua Chantier pr\u00e9c\u00e9dent Chantier suivant<\/p>\n","protected":false},"author":1,"featured_media":0,"parent":0,"menu_order":0,"comment_status":"closed","ping_status":"closed","template":"","meta":{"neve_meta_sidebar":"full-width","neve_meta_container":"","neve_meta_enable_content_width":"on","neve_meta_content_width":100,"neve_meta_title_alignment":"","neve_meta_author_avatar":"","neve_post_elements_order":"","neve_meta_disable_header":"","neve_meta_disable_footer":"on","neve_meta_disable_title":"on"},"yoast_head":"<!-- This site is optimized with the Yoast SEO plugin v17.7.1 - https:\/\/yoast.com\/wordpress\/plugins\/seo\/ -->\n<title>Warnant - Kaiser Construct<\/title>\n<meta name=\"robots\" content=\"index, follow, max-snippet:-1, max-image-preview:large, max-video-preview:-1\" \/>\n<link rel=\"canonical\" href=\"https:\/\/www.kaiserconstruct.be\/index.php\/warnant\/\" \/>\n<meta property=\"og:locale\" content=\"fr_FR\" \/>\n<meta property=\"og:type\" content=\"article\" \/>\n<meta property=\"og:title\" content=\"Warnant - Kaiser Construct\" \/>\n<meta property=\"og:description\" content=\"Warnant Pr\u00e9c\u00e9dent Suivant R\u00e9novation et transformation de l\u2019\u00e9cole Ma\u00eetre d&#8217;ouvrage :\u00a0 Administration communale de Anh\u00e9e. Montant :\u00a0 892.756,78 \u20ac (HTVA) Architecte :\u00a0 Agua Chantier pr\u00e9c\u00e9dent Chantier suivant\" \/>\n<meta property=\"og:url\" content=\"https:\/\/www.kaiserconstruct.be\/index.php\/warnant\/\" \/>\n<meta property=\"og:site_name\" content=\"Kaiser Construct\" \/>\n<meta property=\"article:modified_time\" content=\"2023-12-28T09:43:31+00:00\" \/>\n<meta name=\"twitter:card\" content=\"summary_large_image\" \/>\n<meta name=\"twitter:label1\" content=\"Dur\u00e9e de lecture estim\u00e9e\" \/>\n\t<meta name=\"twitter:data1\" content=\"1 minute\" \/>\n<script type=\"application\/ld+json\" class=\"yoast-schema-graph\">{\"@context\":\"https:\/\/schema.org\",\"@graph\":[{\"@type\":\"WebSite\",\"@id\":\"https:\/\/www.kaiserconstruct.be\/#website\",\"url\":\"https:\/\/www.kaiserconstruct.be\/\",\"name\":\"Kaiser Construct\",\"description\":\"Construction et r\\u00e9novation\",\"potentialAction\":[{\"@type\":\"SearchAction\",\"target\":{\"@type\":\"EntryPoint\",\"urlTemplate\":\"https:\/\/www.kaiserconstruct.be\/?s={search_term_string}\"},\"query-input\":\"required name=search_term_string\"}],\"inLanguage\":\"fr-FR\"},{\"@type\":\"WebPage\",\"@id\":\"https:\/\/www.kaiserconstruct.be\/index.php\/warnant\/#webpage\",\"url\":\"https:\/\/www.kaiserconstruct.be\/index.php\/warnant\/\",\"name\":\"Warnant - Kaiser Construct\",\"isPartOf\":{\"@id\":\"https:\/\/www.kaiserconstruct.be\/#website\"},\"datePublished\":\"2023-12-27T14:26:28+00:00\",\"dateModified\":\"2023-12-28T09:43:31+00:00\",\"breadcrumb\":{\"@id\":\"https:\/\/www.kaiserconstruct.be\/index.php\/warnant\/#breadcrumb\"},\"inLanguage\":\"fr-FR\",\"potentialAction\":[{\"@type\":\"ReadAction\",\"target\":[\"https:\/\/www.kaiserconstruct.be\/index.php\/warnant\/\"]}]},{\"@type\":\"BreadcrumbList\",\"@id\":\"https:\/\/www.kaiserconstruct.be\/index.php\/warnant\/#breadcrumb\",\"itemListElement\":[{\"@type\":\"ListItem\",\"position\":1,\"name\":\"Accueil\",\"item\":\"https:\/\/www.kaiserconstruct.be\/\"},{\"@type\":\"ListItem\",\"position\":2,\"name\":\"Warnant\"}]}]}<\/script>\n<!-- \/ Yoast SEO plugin. -->","yoast_head_json":{"title":"Warnant - Kaiser Construct","robots":{"index":"index","follow":"follow","max-snippet":"max-snippet:-1","max-image-preview":"max-image-preview:large","max-video-preview":"max-video-preview:-1"},"canonical":"https:\/\/www.kaiserconstruct.be\/index.php\/warnant\/","og_locale":"fr_FR","og_type":"article","og_title":"Warnant - Kaiser Construct","og_description":"Warnant Pr\u00e9c\u00e9dent Suivant R\u00e9novation et transformation de l\u2019\u00e9cole Ma\u00eetre d&#8217;ouvrage :\u00a0 Administration communale de Anh\u00e9e. Montant :\u00a0 892.756,78 \u20ac (HTVA) Architecte :\u00a0 Agua Chantier pr\u00e9c\u00e9dent Chantier suivant","og_url":"https:\/\/www.kaiserconstruct.be\/index.php\/warnant\/","og_site_name":"Kaiser Construct","article_modified_time":"2023-12-28T09:43:31+00:00","twitter_card":"summary_large_image","twitter_misc":{"Dur\u00e9e de lecture estim\u00e9e":"1 minute"},"schema":{"@context":"https:\/\/schema.org","@graph":[{"@type":"WebSite","@id":"https:\/\/www.kaiserconstruct.be\/#website","url":"https:\/\/www.kaiserconstruct.be\/","name":"Kaiser Construct","description":"Construction et r\u00e9novation","potentialAction":[{"@type":"SearchAction","target":{"@type":"EntryPoint","urlTemplate":"https:\/\/www.kaiserconstruct.be\/?s={search_term_string}"},"query-input":"required name=search_term_string"}],"inLanguage":"fr-FR"},{"@type":"WebPage","@id":"https:\/\/www.kaiserconstruct.be\/index.php\/warnant\/#webpage","url":"https:\/\/www.kaiserconstruct.be\/index.php\/warnant\/","name":"Warnant - Kaiser Construct","isPartOf":{"@id":"https:\/\/www.kaiserconstruct.be\/#website"},"datePublished":"2023-12-27T14:26:28+00:00","dateModified":"2023-12-28T09:43:31+00:00","breadcrumb":{"@id":"https:\/\/www.kaiserconstruct.be\/index.php\/warnant\/#breadcrumb"},"inLanguage":"fr-FR","potentialAction":[{"@type":"ReadAction","target":["https:\/\/www.kaiserconstruct.be\/index.php\/warnant\/"]}]},{"@type":"BreadcrumbList","@id":"https:\/\/www.kaiserconstruct.be\/index.php\/warnant\/#breadcrumb","itemListElement":[{"@type":"ListItem","position":1,"name":"Accueil","item":"https:\/\/www.kaiserconstruct.be\/"},{"@type":"ListItem","position":2,"name":"Warnant"}]}]}},"_links":{"self":[{"href":"https:\/\/www.kaiserconstruct.be\/index.php\/wp-json\/wp\/v2\/pages\/2683"}],"collection":[{"href":"https:\/\/www.kaiserconstruct.be\/index.php\/wp-json\/wp\/v2\/pages"}],"about":[{"href":"https:\/\/www.kaiserconstruct.be\/index.php\/wp-json\/wp\/v2\/types\/page"}],"author":[{"embeddable":true,"href":"https:\/\/www.kaiserconstruct.be\/index.php\/wp-json\/wp\/v2\/users\/1"}],"replies":[{"embeddable":true,"href":"https:\/\/www.kaiserconstruct.be\/index.php\/wp-json\/wp\/v2\/comments?post=2683"}],"version-history":[{"count":10,"href":"https:\/\/www.kaiserconstruct.be\/index.php\/wp-json\/wp\/v2\/pages\/2683\/revisions"}],"predecessor-version":[{"id":2827,"href":"https:\/\/www.kaiserconstruct.be\/index.php\/wp-json\/wp\/v2\/pages\/2683\/revisions\/2827"}],"wp:attachment":[{"href":"https:\/\/www.kaiserconstruct.be\/index.php\/wp-json\/wp\/v2\/media?parent=2683"}],"curies":[{"name":"wp","href":"https:\/\/api.w.org\/{rel}","templated":true}]}}