{"id":2155,"date":"2021-12-05T16:36:32","date_gmt":"2021-12-05T15:36:32","guid":{"rendered":"https:\/\/www.kaiserconstruct.be\/?page_id=2155"},"modified":"2021-12-05T16:52:37","modified_gmt":"2021-12-05T15:52:37","slug":"froidchapelle","status":"publish","type":"page","link":"https:\/\/www.kaiserconstruct.be\/index.php\/froidchapelle\/","title":{"rendered":"Froidchapelle"},"content":{"rendered":"\t\t<div data-elementor-type=\"wp-page\" data-elementor-id=\"2155\" class=\"elementor elementor-2155\" data-elementor-settings=\"[]\">\n\t\t\t\t\t\t\t<div class=\"elementor-section-wrap\">\n\t\t\t\t\t\t\t<section class=\"elementor-section elementor-top-section elementor-element elementor-element-1c9bcc90 elementor-section-height-min-height elementor-section-content-middle elementor-section-full_width elementor-section-stretched elementor-section-height-default elementor-section-items-middle\" data-id=\"1c9bcc90\" data-element_type=\"section\" data-settings=\"{&quot;background_background&quot;:&quot;classic&quot;,&quot;stretch_section&quot;:&quot;section-stretched&quot;}\">\n\t\t\t\t\t\t\t<div class=\"elementor-background-overlay\"><\/div>\n\t\t\t\t\t\t\t<div class=\"elementor-container elementor-column-gap-no\">\n\t\t\t\t\t<div class=\"elementor-column elementor-col-100 elementor-top-column elementor-element elementor-element-5b62c328\" data-id=\"5b62c328\" data-element_type=\"column\">\n\t\t\t<div class=\"elementor-widget-wrap elementor-element-populated\">\n\t\t\t\t\t\t\t\t<div class=\"elementor-element elementor-element-3f027d2a elementor-widget elementor-widget-heading\" data-id=\"3f027d2a\" data-element_type=\"widget\" data-widget_type=\"heading.default\">\n\t\t\t\t<div class=\"elementor-widget-container\">\n\t\t\t<h2 class=\"elementor-heading-title elementor-size-default\">Froidchapelle<\/h2>\t\t<\/div>\n\t\t\t\t<\/div>\n\t\t\t\t\t<\/div>\n\t\t<\/div>\n\t\t\t\t\t\t\t<\/div>\n\t\t<\/section>\n\t\t\t\t<section class=\"elementor-section elementor-top-section elementor-element elementor-element-d4b34cb elementor-section-boxed elementor-section-height-default elementor-section-height-default\" data-id=\"d4b34cb\" data-element_type=\"section\">\n\t\t\t\t\t\t<div class=\"elementor-container elementor-column-gap-default\">\n\t\t\t\t\t<div class=\"elementor-column elementor-col-100 elementor-top-column elementor-element elementor-element-52a444b1\" data-id=\"52a444b1\" data-element_type=\"column\" data-settings=\"{&quot;background_background&quot;:&quot;classic&quot;}\">\n\t\t\t<div class=\"elementor-widget-wrap elementor-element-populated\">\n\t\t\t\t\t\t\t\t<div class=\"elementor-element elementor-element-5f2e3675 elementor--h-position-center elementor--v-position-middle elementor-arrows-position-inside elementor-pagination-position-inside elementor-widget elementor-widget-slides\" data-id=\"5f2e3675\" data-element_type=\"widget\" data-settings=\"{&quot;navigation&quot;:&quot;both&quot;,&quot;autoplay&quot;:&quot;yes&quot;,&quot;pause_on_hover&quot;:&quot;yes&quot;,&quot;pause_on_interaction&quot;:&quot;yes&quot;,&quot;autoplay_speed&quot;:5000,&quot;infinite&quot;:&quot;yes&quot;,&quot;transition&quot;:&quot;slide&quot;,&quot;transition_speed&quot;:500}\" data-widget_type=\"slides.default\">\n\t\t\t\t<div class=\"elementor-widget-container\">\n\t\t\t\t\t<div class=\"elementor-swiper\">\n\t\t\t<div class=\"elementor-slides-wrapper elementor-main-swiper swiper-container\" dir=\"ltr\" data-animation=\"fadeInUp\">\n\t\t\t\t<div class=\"swiper-wrapper elementor-slides\">\n\t\t\t\t\t<div class=\"elementor-repeater-item-51b38d7 swiper-slide\"><div class=\"swiper-slide-bg elementor-ken-burns elementor-ken-burns--in\"><\/div><div class=\"swiper-slide-inner\" ><div class=\"swiper-slide-contents\"><\/div><\/div><\/div>\t\t\t\t<\/div>\n\t\t\t\t\t\t\t<\/div>\n\t\t<\/div>\n\t\t\t\t<\/div>\n\t\t\t\t<\/div>\n\t\t\t\t\t<\/div>\n\t\t<\/div>\n\t\t\t\t\t\t\t<\/div>\n\t\t<\/section>\n\t\t\t\t<section class=\"elementor-section elementor-top-section elementor-element elementor-element-1cad12bf elementor-section-boxed elementor-section-height-default elementor-section-height-default\" data-id=\"1cad12bf\" data-element_type=\"section\">\n\t\t\t\t\t\t<div class=\"elementor-container elementor-column-gap-default\">\n\t\t\t\t\t<div class=\"elementor-column elementor-col-100 elementor-top-column elementor-element elementor-element-32f1847d\" data-id=\"32f1847d\" data-element_type=\"column\">\n\t\t\t<div class=\"elementor-widget-wrap elementor-element-populated\">\n\t\t\t\t\t\t\t\t<div class=\"elementor-element elementor-element-129662a0 elementor-widget elementor-widget-spacer\" data-id=\"129662a0\" data-element_type=\"widget\" data-widget_type=\"spacer.default\">\n\t\t\t\t<div class=\"elementor-widget-container\">\n\t\t\t\t\t<div class=\"elementor-spacer\">\n\t\t\t<div class=\"elementor-spacer-inner\"><\/div>\n\t\t<\/div>\n\t\t\t\t<\/div>\n\t\t\t\t<\/div>\n\t\t\t\t\t<\/div>\n\t\t<\/div>\n\t\t\t\t\t\t\t<\/div>\n\t\t<\/section>\n\t\t\t\t<section class=\"elementor-section elementor-top-section elementor-element elementor-element-64e6c603 elementor-section-boxed elementor-section-height-default elementor-section-height-default\" data-id=\"64e6c603\" data-element_type=\"section\">\n\t\t\t\t\t\t<div class=\"elementor-container elementor-column-gap-default\">\n\t\t\t\t\t<div class=\"elementor-column elementor-col-50 elementor-top-column elementor-element elementor-element-59fa111b\" data-id=\"59fa111b\" data-element_type=\"column\">\n\t\t\t<div class=\"elementor-widget-wrap elementor-element-populated\">\n\t\t\t\t\t\t\t\t<div class=\"elementor-element elementor-element-264f4997 elementor-widget elementor-widget-text-editor\" data-id=\"264f4997\" data-element_type=\"widget\" data-widget_type=\"text-editor.default\">\n\t\t\t\t<div class=\"elementor-widget-container\">\n\t\t\t\t\t\t\t\t<p>R\u00e9novation et extension de l&#8217;\u00e9cole de Froidchapelle.\u00a0<\/p>\t\t\t\t\t\t<\/div>\n\t\t\t\t<\/div>\n\t\t\t\t\t<\/div>\n\t\t<\/div>\n\t\t\t\t<div class=\"elementor-column elementor-col-50 elementor-top-column elementor-element elementor-element-1f6d70f4\" data-id=\"1f6d70f4\" data-element_type=\"column\">\n\t\t\t<div class=\"elementor-widget-wrap elementor-element-populated\">\n\t\t\t\t\t\t\t\t<div class=\"elementor-element elementor-element-4359cc0a elementor-widget elementor-widget-text-editor\" data-id=\"4359cc0a\" data-element_type=\"widget\" data-widget_type=\"text-editor.default\">\n\t\t\t\t<div class=\"elementor-widget-container\">\n\t\t\t\t\t\t\t\t<p><strong>Ma\u00eetre d&#8217;ouvrage :\u00a0<\/strong><\/p><p>Commune de Froidchapelle.<\/p>\t\t\t\t\t\t<\/div>\n\t\t\t\t<\/div>\n\t\t\t\t<div class=\"elementor-element elementor-element-274f097c elementor-widget elementor-widget-text-editor\" data-id=\"274f097c\" data-element_type=\"widget\" data-widget_type=\"text-editor.default\">\n\t\t\t\t<div class=\"elementor-widget-container\">\n\t\t\t\t\t\t\t\t<p><strong>Montant :\u00a0<\/strong><\/p><p>1.061.808,34 \u20ac HTVA<\/p>\t\t\t\t\t\t<\/div>\n\t\t\t\t<\/div>\n\t\t\t\t<div class=\"elementor-element elementor-element-12778b37 elementor-widget elementor-widget-text-editor\" data-id=\"12778b37\" data-element_type=\"widget\" data-widget_type=\"text-editor.default\">\n\t\t\t\t<div class=\"elementor-widget-container\">\n\t\t\t\t\t\t\t\t<p><strong>Architecte :\u00a0<\/strong><\/p><p>DAPRA Sandro<\/p>\t\t\t\t\t\t<\/div>\n\t\t\t\t<\/div>\n\t\t\t\t\t<\/div>\n\t\t<\/div>\n\t\t\t\t\t\t\t<\/div>\n\t\t<\/section>\n\t\t\t\t\t\t<\/div>\n\t\t\t\t\t<\/div>\n\t\t","protected":false},"excerpt":{"rendered":"<p>Froidchapelle R\u00e9novation et extension de l&#8217;\u00e9cole de Froidchapelle.&nbsp; Ma\u00eetre d&#8217;ouvrage :&nbsp; Commune de Froidchapelle. Montant :&nbsp; 1.061.808,34 \u20ac HTVA Architecte :&nbsp; DAPRA Sandro<\/p>\n","protected":false},"author":1,"featured_media":0,"parent":0,"menu_order":0,"comment_status":"closed","ping_status":"closed","template":"","meta":{"neve_meta_sidebar":"full-width","neve_meta_container":"","neve_meta_enable_content_width":"on","neve_meta_content_width":100,"neve_meta_title_alignment":"","neve_meta_author_avatar":"","neve_post_elements_order":"","neve_meta_disable_header":"","neve_meta_disable_footer":"on","neve_meta_disable_title":"on"},"yoast_head":"<!-- This site is optimized with the Yoast SEO plugin v17.7.1 - https:\/\/yoast.com\/wordpress\/plugins\/seo\/ -->\n<title>Froidchapelle - Kaiser Construct<\/title>\n<meta name=\"robots\" content=\"index, follow, max-snippet:-1, max-image-preview:large, max-video-preview:-1\" \/>\n<link rel=\"canonical\" href=\"https:\/\/www.kaiserconstruct.be\/index.php\/froidchapelle\/\" \/>\n<meta property=\"og:locale\" content=\"fr_FR\" \/>\n<meta property=\"og:type\" content=\"article\" \/>\n<meta property=\"og:title\" content=\"Froidchapelle - Kaiser Construct\" \/>\n<meta property=\"og:description\" content=\"Froidchapelle R\u00e9novation et extension de l&#8217;\u00e9cole de Froidchapelle.&nbsp; Ma\u00eetre d&#8217;ouvrage :&nbsp; Commune de Froidchapelle. Montant :&nbsp; 1.061.808,34 \u20ac HTVA Architecte :&nbsp; DAPRA Sandro\" \/>\n<meta property=\"og:url\" content=\"https:\/\/www.kaiserconstruct.be\/index.php\/froidchapelle\/\" \/>\n<meta property=\"og:site_name\" content=\"Kaiser Construct\" \/>\n<meta property=\"article:modified_time\" content=\"2021-12-05T15:52:37+00:00\" \/>\n<meta name=\"twitter:card\" content=\"summary_large_image\" \/>\n<script type=\"application\/ld+json\" class=\"yoast-schema-graph\">{\"@context\":\"https:\/\/schema.org\",\"@graph\":[{\"@type\":\"WebSite\",\"@id\":\"https:\/\/www.kaiserconstruct.be\/#website\",\"url\":\"https:\/\/www.kaiserconstruct.be\/\",\"name\":\"Kaiser Construct\",\"description\":\"Construction et r\\u00e9novation\",\"potentialAction\":[{\"@type\":\"SearchAction\",\"target\":{\"@type\":\"EntryPoint\",\"urlTemplate\":\"https:\/\/www.kaiserconstruct.be\/?s={search_term_string}\"},\"query-input\":\"required name=search_term_string\"}],\"inLanguage\":\"fr-FR\"},{\"@type\":\"WebPage\",\"@id\":\"https:\/\/www.kaiserconstruct.be\/index.php\/froidchapelle\/#webpage\",\"url\":\"https:\/\/www.kaiserconstruct.be\/index.php\/froidchapelle\/\",\"name\":\"Froidchapelle - Kaiser Construct\",\"isPartOf\":{\"@id\":\"https:\/\/www.kaiserconstruct.be\/#website\"},\"datePublished\":\"2021-12-05T15:36:32+00:00\",\"dateModified\":\"2021-12-05T15:52:37+00:00\",\"breadcrumb\":{\"@id\":\"https:\/\/www.kaiserconstruct.be\/index.php\/froidchapelle\/#breadcrumb\"},\"inLanguage\":\"fr-FR\",\"potentialAction\":[{\"@type\":\"ReadAction\",\"target\":[\"https:\/\/www.kaiserconstruct.be\/index.php\/froidchapelle\/\"]}]},{\"@type\":\"BreadcrumbList\",\"@id\":\"https:\/\/www.kaiserconstruct.be\/index.php\/froidchapelle\/#breadcrumb\",\"itemListElement\":[{\"@type\":\"ListItem\",\"position\":1,\"name\":\"Accueil\",\"item\":\"https:\/\/www.kaiserconstruct.be\/\"},{\"@type\":\"ListItem\",\"position\":2,\"name\":\"Froidchapelle\"}]}]}<\/script>\n<!-- \/ Yoast SEO plugin. -->","yoast_head_json":{"title":"Froidchapelle - Kaiser Construct","robots":{"index":"index","follow":"follow","max-snippet":"max-snippet:-1","max-image-preview":"max-image-preview:large","max-video-preview":"max-video-preview:-1"},"canonical":"https:\/\/www.kaiserconstruct.be\/index.php\/froidchapelle\/","og_locale":"fr_FR","og_type":"article","og_title":"Froidchapelle - Kaiser Construct","og_description":"Froidchapelle R\u00e9novation et extension de l&#8217;\u00e9cole de Froidchapelle.&nbsp; Ma\u00eetre d&#8217;ouvrage :&nbsp; Commune de Froidchapelle. Montant :&nbsp; 1.061.808,34 \u20ac HTVA Architecte :&nbsp; DAPRA Sandro","og_url":"https:\/\/www.kaiserconstruct.be\/index.php\/froidchapelle\/","og_site_name":"Kaiser Construct","article_modified_time":"2021-12-05T15:52:37+00:00","twitter_card":"summary_large_image","schema":{"@context":"https:\/\/schema.org","@graph":[{"@type":"WebSite","@id":"https:\/\/www.kaiserconstruct.be\/#website","url":"https:\/\/www.kaiserconstruct.be\/","name":"Kaiser Construct","description":"Construction et r\u00e9novation","potentialAction":[{"@type":"SearchAction","target":{"@type":"EntryPoint","urlTemplate":"https:\/\/www.kaiserconstruct.be\/?s={search_term_string}"},"query-input":"required name=search_term_string"}],"inLanguage":"fr-FR"},{"@type":"WebPage","@id":"https:\/\/www.kaiserconstruct.be\/index.php\/froidchapelle\/#webpage","url":"https:\/\/www.kaiserconstruct.be\/index.php\/froidchapelle\/","name":"Froidchapelle - Kaiser Construct","isPartOf":{"@id":"https:\/\/www.kaiserconstruct.be\/#website"},"datePublished":"2021-12-05T15:36:32+00:00","dateModified":"2021-12-05T15:52:37+00:00","breadcrumb":{"@id":"https:\/\/www.kaiserconstruct.be\/index.php\/froidchapelle\/#breadcrumb"},"inLanguage":"fr-FR","potentialAction":[{"@type":"ReadAction","target":["https:\/\/www.kaiserconstruct.be\/index.php\/froidchapelle\/"]}]},{"@type":"BreadcrumbList","@id":"https:\/\/www.kaiserconstruct.be\/index.php\/froidchapelle\/#breadcrumb","itemListElement":[{"@type":"ListItem","position":1,"name":"Accueil","item":"https:\/\/www.kaiserconstruct.be\/"},{"@type":"ListItem","position":2,"name":"Froidchapelle"}]}]}},"_links":{"self":[{"href":"https:\/\/www.kaiserconstruct.be\/index.php\/wp-json\/wp\/v2\/pages\/2155"}],"collection":[{"href":"https:\/\/www.kaiserconstruct.be\/index.php\/wp-json\/wp\/v2\/pages"}],"about":[{"href":"https:\/\/www.kaiserconstruct.be\/index.php\/wp-json\/wp\/v2\/types\/page"}],"author":[{"embeddable":true,"href":"https:\/\/www.kaiserconstruct.be\/index.php\/wp-json\/wp\/v2\/users\/1"}],"replies":[{"embeddable":true,"href":"https:\/\/www.kaiserconstruct.be\/index.php\/wp-json\/wp\/v2\/comments?post=2155"}],"version-history":[{"count":5,"href":"https:\/\/www.kaiserconstruct.be\/index.php\/wp-json\/wp\/v2\/pages\/2155\/revisions"}],"predecessor-version":[{"id":2161,"href":"https:\/\/www.kaiserconstruct.be\/index.php\/wp-json\/wp\/v2\/pages\/2155\/revisions\/2161"}],"wp:attachment":[{"href":"https:\/\/www.kaiserconstruct.be\/index.php\/wp-json\/wp\/v2\/media?parent=2155"}],"curies":[{"name":"wp","href":"https:\/\/api.w.org\/{rel}","templated":true}]}}